{"id":186,"date":"2025-07-14T12:26:21","date_gmt":"2025-07-14T12:26:21","guid":{"rendered":"https:\/\/quintaaltodaserra.pt\/?page_id=186"},"modified":"2025-12-15T14:40:08","modified_gmt":"2025-12-15T14:40:08","slug":"vinhos","status":"publish","type":"page","link":"https:\/\/quintaaltodaserra.pt\/en\/vinhos\/","title":{"rendered":"Wines"},"content":{"rendered":"<div data-elementor-type=\"wp-page\" data-elementor-id=\"186\" class=\"elementor elementor-186\" data-elementor-post-type=\"page\">\n\t\t\t\t\t\t<section class=\"elementor-section elementor-top-section elementor-element elementor-element-134b55e elementor-section-height-min-height elementor-section-boxed elementor-section-height-default elementor-section-items-middle\" data-id=\"134b55e\" data-element_type=\"section\" data-settings=\"{&quot;background_background&quot;:&quot;classic&quot;}\">\n\t\t\t\t\t\t\t<div class=\"elementor-background-overlay\"><\/div>\n\t\t\t\t\t\t\t<div class=\"elementor-container elementor-column-gap-default\">\n\t\t\t\t\t<div class=\"elementor-column elementor-col-100 elementor-top-column elementor-element elementor-element-55b3d600\" data-id=\"55b3d600\" data-element_type=\"column\">\n\t\t\t<div class=\"elementor-widget-wrap elementor-element-populated\">\n\t\t\t\t\t\t<div class=\"elementor-element elementor-element-61d74c6c de_scroll_animation_no elementor-invisible elementor-widget elementor-widget-heading\" data-id=\"61d74c6c\" data-element_type=\"widget\" data-settings=\"{&quot;_animation&quot;:&quot;fadeIn&quot;}\" data-widget_type=\"heading.default\">\n\t\t\t\t\t<h2 class=\"elementor-heading-title elementor-size-default\">Our Wines<\/h2>\t\t\t\t<\/div>\n\t\t\t\t<div class=\"elementor-element elementor-element-13077afc elementor-icon-list--layout-inline elementor-align-center elementor-list-item-link-full_width de_scroll_animation_no elementor-invisible elementor-widget elementor-widget-icon-list\" data-id=\"13077afc\" data-element_type=\"widget\" data-settings=\"{&quot;_animation&quot;:&quot;fadeIn&quot;,&quot;_animation_delay&quot;:200}\" data-widget_type=\"icon-list.default\">\n\t\t\t\t\t\t\t<ul class=\"elementor-icon-list-items elementor-inline-items\">\n\t\t\t\t\t\t\t<li class=\"elementor-icon-list-item elementor-inline-item\">\n\t\t\t\t\t\t\t\t\t\t\t<a href=\"\/en\/inicio\/\">\n\n\t\t\t\t\t\t\t\t\t\t\t<span class=\"elementor-icon-list-text\">Quinta alto da serra<\/span>\n\t\t\t\t\t\t\t\t\t\t\t<\/a>\n\t\t\t\t\t\t\t\t\t<\/li>\n\t\t\t\t\t\t\t\t<li class=\"elementor-icon-list-item elementor-inline-item\">\n\t\t\t\t\t\t\t\t\t\t\t<a href=\"\/en\/vinhos\/\">\n\n\t\t\t\t\t\t\t\t\t\t\t\t<span class=\"elementor-icon-list-icon\">\n\t\t\t\t\t\t\t<i aria-hidden=\"true\" class=\"icon icon-arrow-right\"><\/i>\t\t\t\t\t\t<\/span>\n\t\t\t\t\t\t\t\t\t\t<span class=\"elementor-icon-list-text\">Wines<\/span>\n\t\t\t\t\t\t\t\t\t\t\t<\/a>\n\t\t\t\t\t\t\t\t\t<\/li>\n\t\t\t\t\t\t<\/ul>\n\t\t\t\t\t\t<\/div>\n\t\t\t\t\t<\/div>\n\t\t<\/div>\n\t\t\t\t\t<\/div>\n\t\t<\/section>\n\t\t\t\t<section class=\"elementor-section elementor-top-section elementor-element elementor-element-209c1817 elementor-section-boxed elementor-section-height-default elementor-section-height-default\" data-id=\"209c1817\" data-element_type=\"section\">\n\t\t\t\t\t\t<div class=\"elementor-container elementor-column-gap-default\">\n\t\t\t\t\t<div class=\"elementor-column elementor-col-100 elementor-top-column elementor-element elementor-element-3bc26592\" data-id=\"3bc26592\" data-element_type=\"column\">\n\t\t\t<div class=\"elementor-widget-wrap elementor-element-populated\">\n\t\t\t\t\t\t<div class=\"elementor-element elementor-element-1e932812 de_scroll_animation_no elementor-invisible elementor-widget elementor-widget-text-editor\" data-id=\"1e932812\" data-element_type=\"widget\" data-settings=\"{&quot;_animation&quot;:&quot;fadeIn&quot;}\" data-widget_type=\"text-editor.default\">\n\t\t\t\t\t\t\t\t\t<p>Our Wines<\/p>\t\t\t\t\t\t\t\t<\/div>\n\t\t\t\t<div class=\"elementor-element elementor-element-4581df7d de_scroll_animation_no elementor-invisible elementor-widget elementor-widget-heading\" data-id=\"4581df7d\" data-element_type=\"widget\" data-settings=\"{&quot;_animation&quot;:&quot;fadeIn&quot;,&quot;_animation_delay&quot;:200}\" data-widget_type=\"heading.default\">\n\t\t\t\t\t<h2 class=\"elementor-heading-title elementor-size-default\">Unique Wines, Limited Production<\/h2>\t\t\t\t<\/div>\n\t\t\t\t<section class=\"elementor-section elementor-inner-section elementor-element elementor-element-4495b528 elementor-section-full_width elementor-section-height-default elementor-section-height-default\" data-id=\"4495b528\" data-element_type=\"section\">\n\t\t\t\t\t\t<div class=\"elementor-container elementor-column-gap-no\">\n\t\t\t\t\t<div class=\"elementor-column elementor-col-20 elementor-inner-column elementor-element elementor-element-6f6acbb8 elementor-invisible\" data-id=\"6f6acbb8\" data-element_type=\"column\" data-settings=\"{&quot;animation&quot;:&quot;fadeIn&quot;,&quot;animation_delay&quot;:600}\">\n\t\t\t<div class=\"elementor-widget-wrap elementor-element-populated\">\n\t\t\t\t\t\t<div class=\"elementor-element elementor-element-290d5bc3 de_scroll_animation_no elementor-widget elementor-widget-image\" data-id=\"290d5bc3\" data-element_type=\"widget\" data-widget_type=\"image.default\">\n\t\t\t\t\t\t\t\t\t\t\t\t\t\t\t\t<a href=\"https:\/\/quintaaltodaserra.pt\/wp-content\/uploads\/2025\/08\/FT_PT_pragmatico_moscatelgalegobranco_2021-1_page-0001.jpg\" target=\"_blank\">\n\t\t\t\t\t\t\t<img decoding=\"async\" src=\"https:\/\/quintaaltodaserra.pt\/wp-content\/uploads\/elementor\/thumbs\/vinho-branco-pragmatico-r8wdi4zprutrmzngybl3hodyjtnb2hyhbrm4s5me8o.jpeg\" title=\"vinho-branco-pragmatico\" alt=\"vinho-branco-pragmatico\" loading=\"lazy\" \/>\t\t\t\t\t\t\t\t<\/a>\n\t\t\t\t\t\t\t\t\t\t\t\t\t\t\t<\/div>\n\t\t\t\t<div class=\"elementor-element elementor-element-65b8f33b de_scroll_animation_no elementor-widget elementor-widget-heading\" data-id=\"65b8f33b\" data-element_type=\"widget\" data-widget_type=\"heading.default\">\n\t\t\t\t\t<h5 class=\"elementor-heading-title elementor-size-default\">Pragm\u00e1tico Moscatel Galego Branco 2021<\/h5>\t\t\t\t<\/div>\n\t\t\t\t\t<\/div>\n\t\t<\/div>\n\t\t\t\t<div class=\"elementor-column elementor-col-20 elementor-inner-column elementor-element elementor-element-6c28634 elementor-invisible\" data-id=\"6c28634\" data-element_type=\"column\" data-settings=\"{&quot;animation&quot;:&quot;fadeIn&quot;,&quot;animation_delay&quot;:600}\">\n\t\t\t<div class=\"elementor-widget-wrap elementor-element-populated\">\n\t\t\t\t\t\t<div class=\"elementor-element elementor-element-814bca2 de_scroll_animation_no elementor-widget elementor-widget-image\" data-id=\"814bca2\" data-element_type=\"widget\" data-widget_type=\"image.default\">\n\t\t\t\t\t\t\t\t\t\t\t\t\t\t\t\t<a href=\"https:\/\/quintaaltodaserra.pt\/wp-content\/uploads\/2025\/08\/FT_PT_telurico_VIOSINHO_2016_vWEB-2024_11_08-12_37_32-UTC_page-0001.jpg\">\n\t\t\t\t\t\t\t<img decoding=\"async\" src=\"https:\/\/quintaaltodaserra.pt\/wp-content\/uploads\/elementor\/thumbs\/telurico-viosinho-white-2016-r8qxvqmphebcjwv31taf5igr2akw4xbioh6k3a3yf0.jpg\" title=\"telurico-viosinho-white-2016\" alt=\"telurico-viosinho-white-2016\" loading=\"lazy\" \/>\t\t\t\t\t\t\t\t<\/a>\n\t\t\t\t\t\t\t\t\t\t\t\t\t\t\t<\/div>\n\t\t\t\t<div class=\"elementor-element elementor-element-19f835ed de_scroll_animation_no elementor-widget elementor-widget-heading\" data-id=\"19f835ed\" data-element_type=\"widget\" data-widget_type=\"heading.default\">\n\t\t\t\t\t<h5 class=\"elementor-heading-title elementor-size-default\">Tel\u00farico Viosinho Branco 2016\n<\/h5>\t\t\t\t<\/div>\n\t\t\t\t<div class=\"elementor-element elementor-element-2494dd8c de_scroll_animation_no elementor-widget elementor-widget-text-editor\" data-id=\"2494dd8c\" data-element_type=\"widget\" data-widget_type=\"text-editor.default\">\n\t\t\t\t\t\t\t\t\t<div class=\"product-price h5\"><div class=\"current-price\">\u00a0<\/div><\/div>\t\t\t\t\t\t\t\t<\/div>\n\t\t\t\t\t<\/div>\n\t\t<\/div>\n\t\t\t\t<div class=\"elementor-column elementor-col-20 elementor-inner-column elementor-element elementor-element-b07ff98 elementor-invisible\" data-id=\"b07ff98\" data-element_type=\"column\" data-settings=\"{&quot;animation&quot;:&quot;fadeIn&quot;,&quot;animation_delay&quot;:600}\">\n\t\t\t<div class=\"elementor-widget-wrap elementor-element-populated\">\n\t\t\t\t\t\t<div class=\"elementor-element elementor-element-c47a4f7 de_scroll_animation_no elementor-widget elementor-widget-image\" data-id=\"c47a4f7\" data-element_type=\"widget\" data-widget_type=\"image.default\">\n\t\t\t\t\t\t\t\t\t\t\t\t\t\t\t\t<a href=\"https:\/\/quintaaltodaserra.pt\/wp-content\/uploads\/2025\/08\/FT_PT_telurico_RESERVABRANCO_2016_vWEB-1_page-0001.jpg\">\n\t\t\t\t\t\t\t<img decoding=\"async\" src=\"https:\/\/quintaaltodaserra.pt\/wp-content\/uploads\/elementor\/thumbs\/telurico-reserve-white-2016-r8qxs5uth3f0bobpi5rab7dln4d6psx69f9952re6w.jpg\" title=\"telurico-reserve-white-2016\" alt=\"telurico-reserve-white-2016\" loading=\"lazy\" \/>\t\t\t\t\t\t\t\t<\/a>\n\t\t\t\t\t\t\t\t\t\t\t\t\t\t\t<\/div>\n\t\t\t\t<div class=\"elementor-element elementor-element-c1c3093 de_scroll_animation_no elementor-widget elementor-widget-heading\" data-id=\"c1c3093\" data-element_type=\"widget\" data-widget_type=\"heading.default\">\n\t\t\t\t\t<h5 class=\"elementor-heading-title elementor-size-default\">Tel\u00farico Reserva Branco 2016<\/h5>\t\t\t\t<\/div>\n\t\t\t\t\t<\/div>\n\t\t<\/div>\n\t\t\t\t<div class=\"elementor-column elementor-col-20 elementor-inner-column elementor-element elementor-element-6cf00135 elementor-invisible\" data-id=\"6cf00135\" data-element_type=\"column\" data-settings=\"{&quot;animation&quot;:&quot;fadeIn&quot;,&quot;animation_delay&quot;:600}\">\n\t\t\t<div class=\"elementor-widget-wrap elementor-element-populated\">\n\t\t\t\t\t\t<div class=\"elementor-element elementor-element-5e74ae2 de_scroll_animation_no elementor-widget elementor-widget-image\" data-id=\"5e74ae2\" data-element_type=\"widget\" data-widget_type=\"image.default\">\n\t\t\t\t\t\t\t\t\t\t\t\t\t\t\t\t<a href=\"https:\/\/quintaaltodaserra.pt\/wp-content\/uploads\/2025\/08\/FT_PT_telurico_RESERVAtinto_2015_vWEB-2024_11_08-12_37_32-UTC_page-0001.jpg\">\n\t\t\t\t\t\t\t<img decoding=\"async\" src=\"https:\/\/quintaaltodaserra.pt\/wp-content\/uploads\/elementor\/thumbs\/telurico-reserve-red-2015-1-r8qy1javmm8y3opjrpmcoc82wg5yh54t7tgkfev254.jpg\" title=\"telurico-reserve-red-2015\" alt=\"telurico-reserve-red-2015\" loading=\"lazy\" \/>\t\t\t\t\t\t\t\t<\/a>\n\t\t\t\t\t\t\t\t\t\t\t\t\t\t\t<\/div>\n\t\t\t\t<div class=\"elementor-element elementor-element-603d3b3 de_scroll_animation_no elementor-widget elementor-widget-heading\" data-id=\"603d3b3\" data-element_type=\"widget\" data-widget_type=\"heading.default\">\n\t\t\t\t\t<h5 class=\"elementor-heading-title elementor-size-default\">Tel\u00farico Reserva <br>Tinto 2015<\/h5>\t\t\t\t<\/div>\n\t\t\t\t\t<\/div>\n\t\t<\/div>\n\t\t\t\t<div class=\"elementor-column elementor-col-20 elementor-inner-column elementor-element elementor-element-298e83ff elementor-invisible\" data-id=\"298e83ff\" data-element_type=\"column\" data-settings=\"{&quot;animation&quot;:&quot;fadeIn&quot;,&quot;animation_delay&quot;:700}\">\n\t\t\t<div class=\"elementor-widget-wrap elementor-element-populated\">\n\t\t\t\t\t\t<div class=\"elementor-element elementor-element-1d324c6 de_scroll_animation_no elementor-widget elementor-widget-image\" data-id=\"1d324c6\" data-element_type=\"widget\" data-widget_type=\"image.default\">\n\t\t\t\t\t\t\t\t\t\t\t\t\t\t\t\t<a href=\"https:\/\/quintaaltodaserra.pt\/wp-content\/uploads\/2025\/08\/Ficha-tecnica-SOARESDUARTE_VINTAGE_2017_V2-portugues_page-0001-1.jpg\">\n\t\t\t\t\t\t\t<img decoding=\"async\" src=\"https:\/\/quintaaltodaserra.pt\/wp-content\/uploads\/elementor\/thumbs\/vindo-soares-duarte-r8wdkby5pxtuq8gs59prb4gog6u512nxmmex3edbq0.jpeg\" title=\"vindo-soares-duarte\" alt=\"vindo-soares-duarte\" loading=\"lazy\" \/>\t\t\t\t\t\t\t\t<\/a>\n\t\t\t\t\t\t\t\t\t\t\t\t\t\t\t<\/div>\n\t\t\t\t<div class=\"elementor-element elementor-element-247ed943 de_scroll_animation_no elementor-widget elementor-widget-heading\" data-id=\"247ed943\" data-element_type=\"widget\" data-widget_type=\"heading.default\">\n\t\t\t\t\t<h5 class=\"elementor-heading-title elementor-size-default\">Soares Duarte Porto Vintage 2017<\/h5>\t\t\t\t<\/div>\n\t\t\t\t\t<\/div>\n\t\t<\/div>\n\t\t\t\t\t<\/div>\n\t\t<\/section>\n\t\t<div class=\"elementor-element elementor-element-24be479 e-con-full e-flex elementor-invisible e-con e-parent\" data-id=\"24be479\" data-element_type=\"container\" data-settings=\"{&quot;background_background&quot;:&quot;classic&quot;,&quot;animation&quot;:&quot;fadeIn&quot;,&quot;animation_delay&quot;:200}\">\n\t\t\t\t<div class=\"elementor-element elementor-element-1d3bdfe elementor-widget__width-initial elementor-position-top de_scroll_animation_no elementor-widget elementor-widget-image-box\" data-id=\"1d3bdfe\" data-element_type=\"widget\" data-widget_type=\"image-box.default\">\n\t\t\t\t\t<div class=\"elementor-image-box-wrapper\"><figure class=\"elementor-image-box-img\"><a href=\"#\" tabindex=\"-1\"><img fetchpriority=\"high\" decoding=\"async\" width=\"1001\" height=\"1001\" src=\"https:\/\/quintaaltodaserra.pt\/wp-content\/uploads\/2025\/07\/icon_7.png\" class=\"attachment-full size-full wp-image-29\" alt=\"\" srcset=\"https:\/\/quintaaltodaserra.pt\/wp-content\/uploads\/2025\/07\/icon_7.png 1001w, https:\/\/quintaaltodaserra.pt\/wp-content\/uploads\/2025\/07\/icon_7-300x300.png 300w, https:\/\/quintaaltodaserra.pt\/wp-content\/uploads\/2025\/07\/icon_7-150x150.png 150w, https:\/\/quintaaltodaserra.pt\/wp-content\/uploads\/2025\/07\/icon_7-768x768.png 768w\" sizes=\"(max-width: 1001px) 100vw, 1001px\" \/><\/a><\/figure><div class=\"elementor-image-box-content\"><h4 class=\"elementor-image-box-title\"><a href=\"#\">Moscatel Galego Branco<\/a><\/h4><p class=\"elementor-image-box-description\">\u201cMoscatel Galego Branco is a fantastic, multifaceted grape variety, prone to exaggeration. What enchants me most is its excellent acidity and aging potential. I started working with this grape variety very late, but I was completely won over. I don't like the ripe aromas of the grape variety, I love the vegetal, citrus, floral and even tropical components when it is harvested early (very early). Working well, we manage to produce very fine wines that are aromatically restrained (without exaggeration) and that (almost) never age...\"<\/p><\/div><\/div>\t\t\t\t<\/div>\n\t\t\t\t<\/div>\n\t\t\t\t\t<\/div>\n\t\t<\/div>\n\t\t\t\t\t<\/div>\n\t\t<\/section>\n\t\t\t\t<section class=\"elementor-section elementor-top-section elementor-element elementor-element-417af249 elementor-section-boxed elementor-section-height-default elementor-section-height-default\" data-id=\"417af249\" data-element_type=\"section\" data-settings=\"{&quot;background_background&quot;:&quot;classic&quot;}\">\n\t\t\t\t\t\t\t<div class=\"elementor-background-overlay\"><\/div>\n\t\t\t\t\t\t\t<div class=\"elementor-container elementor-column-gap-default\">\n\t\t\t\t\t<div class=\"elementor-column elementor-col-100 elementor-top-column elementor-element elementor-element-12feb835\" data-id=\"12feb835\" data-element_type=\"column\">\n\t\t\t<div class=\"elementor-widget-wrap elementor-element-populated\">\n\t\t\t\t\t\t<section class=\"elementor-section elementor-inner-section elementor-element elementor-element-630ac6df elementor-section-boxed elementor-section-height-default elementor-section-height-default elementor-invisible\" data-id=\"630ac6df\" data-element_type=\"section\" data-settings=\"{&quot;animation&quot;:&quot;fadeIn&quot;}\">\n\t\t\t\t\t\t<div class=\"elementor-container elementor-column-gap-default\">\n\t\t\t\t\t<div class=\"elementor-column elementor-col-100 elementor-inner-column elementor-element elementor-element-376eff00\" data-id=\"376eff00\" data-element_type=\"column\" data-settings=\"{&quot;background_background&quot;:&quot;classic&quot;}\">\n\t\t\t<div class=\"elementor-widget-wrap elementor-element-populated\">\n\t\t\t\t\t<div class=\"elementor-background-overlay\"><\/div>\n\t\t\t\t\t\t<div class=\"elementor-element elementor-element-e2126fc de_scroll_animation_no elementor-invisible elementor-widget elementor-widget-text-editor\" data-id=\"e2126fc\" data-element_type=\"widget\" data-settings=\"{&quot;_animation&quot;:&quot;fadeIn&quot;}\" data-widget_type=\"text-editor.default\">\n\t\t\t\t\t\t\t\t\t<p>Book an experience<\/p>\t\t\t\t\t\t\t\t<\/div>\n\t\t\t\t<div class=\"elementor-element elementor-element-1c53b537 de_scroll_animation_no elementor-invisible elementor-widget elementor-widget-heading\" data-id=\"1c53b537\" data-element_type=\"widget\" data-settings=\"{&quot;_animation&quot;:&quot;fadeIn&quot;,&quot;_animation_delay&quot;:200}\" data-widget_type=\"heading.default\">\n\t\t\t\t\t<h2 class=\"elementor-heading-title elementor-size-default\">Alto da Serra is, at the very least, a unique experience!<\/h2>\t\t\t\t<\/div>\n\t\t\t\t<div class=\"elementor-element elementor-element-556513fc elementor-align-left elementor-mobile-align-center de_scroll_animation_no elementor-invisible elementor-widget elementor-widget-button\" data-id=\"556513fc\" data-element_type=\"widget\" data-settings=\"{&quot;_animation&quot;:&quot;fadeIn&quot;,&quot;_animation_delay&quot;:400}\" data-widget_type=\"button.default\">\n\t\t\t\t\t\t\t\t\t\t<a class=\"elementor-button elementor-button-link elementor-size-sm\" href=\"\/en\/contactos\/\">\n\t\t\t\t\t\t<span class=\"elementor-button-content-wrapper\">\n\t\t\t\t\t\t\t\t\t<span class=\"elementor-button-text\">Book now<\/span>\n\t\t\t\t\t<\/span>\n\t\t\t\t\t<\/a>\n\t\t\t\t\t\t\t\t<\/div>\n\t\t\t\t\t<\/div>\n\t\t<\/div>\n\t\t\t\t\t<\/div>\n\t\t<\/section>\n\t\t\t\t\t<\/div>\n\t\t<\/div>\n\t\t\t\t\t<\/div>\n\t\t<\/section>\n\t\t\t\t<\/div>","protected":false},"excerpt":{"rendered":"<p>Nossos Vinhos Quinta alto da serra Vinhos Os Nossos Vinhos Vinhos \u00danicos, de Produ\u00e7\u00e3o Limitada Pragm\u00e1tico Moscatel Galego Branco 2021 Tel\u00farico Viosinho Branco 2016 \u00a0 Tel\u00farico Reserva Branco 2016 Tel\u00farico Reserva Tinto 2015 Soares Duarte Porto Vintage 2017 Moscatel Galego Branco \u201cO Moscatel Galego Branco \u00e9 uma casta fant\u00e1stica, multifacetada e dada at\u00e9 a exageros. [&hellip;]<\/p>","protected":false},"author":1,"featured_media":0,"parent":0,"menu_order":0,"comment_status":"closed","ping_status":"closed","template":"elementor_header_footer","meta":{"footnotes":""},"class_list":["post-186","page","type-page","status-publish","hentry"],"_links":{"self":[{"href":"https:\/\/quintaaltodaserra.pt\/en\/wp-json\/wp\/v2\/pages\/186","targetHints":{"allow":["GET"]}}],"collection":[{"href":"https:\/\/quintaaltodaserra.pt\/en\/wp-json\/wp\/v2\/pages"}],"about":[{"href":"https:\/\/quintaaltodaserra.pt\/en\/wp-json\/wp\/v2\/types\/page"}],"author":[{"embeddable":true,"href":"https:\/\/quintaaltodaserra.pt\/en\/wp-json\/wp\/v2\/users\/1"}],"replies":[{"embeddable":true,"href":"https:\/\/quintaaltodaserra.pt\/en\/wp-json\/wp\/v2\/comments?post=186"}],"version-history":[{"count":109,"href":"https:\/\/quintaaltodaserra.pt\/en\/wp-json\/wp\/v2\/pages\/186\/revisions"}],"predecessor-version":[{"id":1166,"href":"https:\/\/quintaaltodaserra.pt\/en\/wp-json\/wp\/v2\/pages\/186\/revisions\/1166"}],"wp:attachment":[{"href":"https:\/\/quintaaltodaserra.pt\/en\/wp-json\/wp\/v2\/media?parent=186"}],"curies":[{"name":"wp","href":"https:\/\/api.w.org\/{rel}","templated":true}]}}